{"id":3711,"date":"2018-07-27T08:15:16","date_gmt":"2018-07-27T08:15:16","guid":{"rendered":"https:\/\/grupoelchele.com\/gec\/ec-new\/?page_id=1408"},"modified":"2026-04-24T10:41:38","modified_gmt":"2026-04-24T16:41:38","slug":"contacto","status":"publish","type":"page","link":"https:\/\/ecrentacar.com\/cr\/contacto\/","title":{"rendered":"Contacto"},"content":{"rendered":"\t\t<div data-elementor-type=\"wp-post\" data-elementor-id=\"3711\" class=\"elementor elementor-3711\" data-elementor-post-type=\"page\">\n\t\t\t\t\t\t<section class=\"elementor-section elementor-top-section elementor-element elementor-element-12f87ba3 elementor-section-stretched minu-60 elementor-section-height-min-height elementor-section-items-stretch elementor-hidden-mobile elementor-section-boxed elementor-section-height-default\" data-id=\"12f87ba3\" data-element_type=\"section\" data-settings=\"{&quot;stretch_section&quot;:&quot;section-stretched&quot;,&quot;background_background&quot;:&quot;classic&quot;}\">\n\t\t\t\t\t\t\t<div class=\"elementor-background-overlay\"><\/div>\n\t\t\t\t\t\t\t<div class=\"elementor-container elementor-column-gap-default\">\n\t\t\t\t\t<div class=\"elementor-column elementor-col-100 elementor-top-column elementor-element elementor-element-c8cc48d\" data-id=\"c8cc48d\" data-element_type=\"column\">\n\t\t\t<div class=\"elementor-widget-wrap\">\n\t\t\t\t\t\t\t<\/div>\n\t\t<\/div>\n\t\t\t\t\t<\/div>\n\t\t<\/section>\n\t\t<div class=\"elementor-element elementor-element-081b538 e-flex e-con-boxed e-con e-parent\" data-id=\"081b538\" data-element_type=\"container\">\n\t\t\t\t\t<div class=\"e-con-inner\">\n\t\t\t\t<div class=\"elementor-element elementor-element-32520d3 elementor-widget elementor-widget-spacer\" data-id=\"32520d3\" data-element_type=\"widget\" data-widget_type=\"spacer.default\">\n\t\t\t\t<div class=\"elementor-widget-container\">\n\t\t\t\t\t\t\t<div class=\"elementor-spacer\">\n\t\t\t<div class=\"elementor-spacer-inner\"><\/div>\n\t\t<\/div>\n\t\t\t\t\t\t<\/div>\n\t\t\t\t<\/div>\n\t\t\t\t\t<\/div>\n\t\t\t\t<\/div>\n\t\t<div class=\"elementor-element elementor-element-37b9c91 e-flex e-con-boxed e-con e-parent\" data-id=\"37b9c91\" data-element_type=\"container\">\n\t\t\t\t\t<div class=\"e-con-inner\">\n\t\t\t\t<div class=\"elementor-element elementor-element-61eec4a elementor-widget elementor-widget-spacer\" data-id=\"61eec4a\" data-element_type=\"widget\" data-widget_type=\"spacer.default\">\n\t\t\t\t<div class=\"elementor-widget-container\">\n\t\t\t\t\t\t\t<div class=\"elementor-spacer\">\n\t\t\t<div class=\"elementor-spacer-inner\"><\/div>\n\t\t<\/div>\n\t\t\t\t\t\t<\/div>\n\t\t\t\t<\/div>\n\t\t\t\t\t<\/div>\n\t\t\t\t<\/div>\n\t\t<div class=\"elementor-element elementor-element-ee01a35 e-con-full e-flex e-con e-parent\" data-id=\"ee01a35\" data-element_type=\"container\">\n\t\t<div class=\"elementor-element elementor-element-fa6bb8e e-grid e-con-full e-con e-child\" data-id=\"fa6bb8e\" data-element_type=\"container\">\n\t\t\t\t<div class=\"elementor-element elementor-element-ab875c0 elementor-widget elementor-widget-shortcode\" data-id=\"ab875c0\" data-element_type=\"widget\" data-widget_type=\"shortcode.default\">\n\t\t\t\t<div class=\"elementor-widget-container\">\n\t\t\t\t\t\t\t<div class=\"elementor-shortcode\">\n<div class=\"wpcf7 no-js\" id=\"wpcf7-f10341-o1\" lang=\"es-ES\" dir=\"ltr\" data-wpcf7-id=\"10341\">\n<div class=\"screen-reader-response\"><p role=\"status\" aria-live=\"polite\" aria-atomic=\"true\"><\/p> <ul><\/ul><\/div>\n<form action=\"\/cr\/wp-json\/wp\/v2\/pages\/3711#wpcf7-f10341-o1\" method=\"post\" class=\"wpcf7-form init\" aria-label=\"Formulario de contacto\" novalidate=\"novalidate\" data-status=\"init\">\n<fieldset class=\"hidden-fields-container\"><input type=\"hidden\" name=\"_wpcf7\" value=\"10341\" \/><input type=\"hidden\" name=\"_wpcf7_version\" value=\"6.1.5\" \/><input type=\"hidden\" name=\"_wpcf7_locale\" value=\"es_ES\" \/><input type=\"hidden\" name=\"_wpcf7_unit_tag\" value=\"wpcf7-f10341-o1\" \/><input type=\"hidden\" name=\"_wpcf7_container_post\" value=\"0\" \/><input type=\"hidden\" name=\"_wpcf7_posted_data_hash\" value=\"\" \/>\n<\/fieldset>\n<p style=\"font-size: 12px; color: #6b7280; font-style: italic; margin-bottom: 20px;\">*Denota campos obligatorios\n<\/p>\n<div style=\"margin-bottom: 20px;\">\n\t<p><label style=\"font-size: 14px; display: block; color: #4b5563;\">Nombre*<\/label><br \/>\n<span class=\"wpcf7-form-control-wrap\" data-name=\"your-name\"><input size=\"40\" maxlength=\"400\" class=\"wpcf7-form-control wpcf7-text wpcf7-validates-as-required input-underline\" aria-required=\"true\" aria-invalid=\"false\" value=\"\" type=\"text\" name=\"your-name\" \/><\/span>\n\t<\/p>\n<\/div>\n<div style=\"margin-bottom: 20px;\">\n\t<p><label style=\"font-size: 14px; display: block; color: #4b5563;\">Correo Electr\u00f3nico*<\/label><br \/>\n<span class=\"wpcf7-form-control-wrap\" data-name=\"your-email\"><input size=\"40\" maxlength=\"400\" class=\"wpcf7-form-control wpcf7-email wpcf7-validates-as-required wpcf7-text wpcf7-validates-as-email input-underline\" aria-required=\"true\" aria-invalid=\"false\" value=\"\" type=\"email\" name=\"your-email\" \/><\/span>\n\t<\/p>\n<\/div>\n<div style=\"margin-bottom: 20px;\">\n\t<p><label style=\"font-size: 14px; display: block; color: #4b5563;\">Mensaje:<\/label><br \/>\n<span class=\"wpcf7-form-control-wrap\" data-name=\"your-message\"><textarea cols=\"40\" rows=\"10\" maxlength=\"2000\" class=\"wpcf7-form-control wpcf7-textarea message-box\" aria-invalid=\"false\" placeholder=\"Escribe tu mensaje aqu\u00ed...\" name=\"your-message\"><\/textarea><\/span>\n\t<\/p>\n<\/div>\n<p><input class=\"wpcf7-form-control wpcf7-submit has-spinner btn-enviar\" type=\"submit\" value=\"Enviar\" \/>\n<\/p><div class=\"wpcf7-response-output\" aria-hidden=\"true\"><\/div>\n<\/form>\n<\/div>\n<\/div>\n\t\t\t\t\t\t<\/div>\n\t\t\t\t<\/div>\n\t\t\t\t<div class=\"elementor-element elementor-element-9ea7e9b elementor-widget__width-inherit elementor-widget elementor-widget-html\" data-id=\"9ea7e9b\" data-element_type=\"widget\" data-widget_type=\"html.default\">\n\t\t\t\t<div class=\"elementor-widget-container\">\n\t\t\t\t\t<div class=\"bg-white max-w-md p-8 rounded-2xl shadow-lg shadow-gray-200\/50 border border-gray-100 space-y-10\">\r\n    \r\n    <section>\r\n        <h3 class=\"flex items-center text-sm font-bold tracking-widest mb-4 text-[#003366] uppercase\">\r\n            <i class=\"fa-solid fa-location-dot text-[#ff8000] mr-3 text-lg\"><\/i>\r\n            Nuestra Direcci\u00f3n\r\n        <\/h3>\r\n        <div class=\"text-sm text-gray-600 leading-relaxed pl-7 border-l-2 border-gray-100 ml-2\">\r\n            <p class=\"font-bold text-gray-800 mb-1\">EC Rent a Car Costa Rica<\/p>\r\n            <p>Casino Fiesta 180 mts este, R\u00edo Segundo, <\/p>\r\n            <p>Alajuela, Costa Rica<\/p>\r\n    \r\n        <\/div>\r\n    <\/section>\r\n\r\n    <section>\r\n        <h3 class=\"flex items-center text-sm font-bold tracking-widest mb-4 text-[#003366] uppercase\">\r\n            <i class=\"fa-solid fa-headset text-[#ff8000] mr-3 text-lg\"><\/i>\r\n            Cont\u00e1ctanos\r\n        <\/h3>\r\n        <div class=\"text-sm text-gray-600 space-y-5 pl-7 border-l-2 border-gray-100 ml-2\">\r\n            <div>\r\n                <p class=\"mb-2 text-gray-500\">Para preguntas, reservas o informaci\u00f3n:<\/p>\r\n                <a href=\"mailto:info@ecrentacar.com.ni\" class=\"group flex items-center text-[#003366] font-medium hover:text-[#ff8000] transition-colors duration-300\">\r\n                    <i class=\"fa-solid fa-envelope mr-2 text-gray-400 group-hover:text-[#ff8000] transition-colors\"><\/i>\r\n                    reservaciones@ecrentacar.cr\r\n                <\/a>\r\n            <\/div>\r\n            \r\n            <div>\r\n                <p class=\"mb-2 text-gray-500\">Visita nuestro sitio corporativo:<\/p>\r\n                <a href=\"https:\/\/ecrentacar.com\/ni\/\" target=\"_blank\" class=\"group flex items-center text-[#003366] font-bold hover:text-[#ff8000] transition-colors duration-300\">\r\n                    <i class=\"fa-solid fa-globe mr-2 text-gray-400 group-hover:text-[#ff8000] transition-colors\"><\/i>\r\n                    www.ecrentacar.cr\r\n                    <i class=\"fa-solid fa-arrow-up-right-from-square ml-2 text-xs opacity-0 group-hover:opacity-100 transition-opacity transform group-hover:-translate-y-0.5 group-hover:translate-x-0.5\"><\/i>\r\n                <\/a>\r\n            <\/div>\r\n        <\/div>\r\n    <\/section>\r\n\r\n    <section>\r\n        <h3 class=\"flex items-center text-sm font-bold tracking-widest mb-4 text-[#003366] uppercase\">\r\n            <i class=\"fa-solid fa-share-nodes text-[#ff8000] mr-3 text-lg\"><\/i>\r\n            S\u00edguenos\r\n        <\/h3>\r\n        <div class=\"flex flex-wrap gap-3 pl-2\">\r\n            <a href=\"#\" class=\"flex items-center justify-center w-10 h-10 rounded-full bg-gray-50 text-[#003366] hover:bg-[#003366] hover:text-white hover:-translate-y-1 transition-all duration-300 shadow-sm hover:shadow-md\" aria-label=\"Facebook\">\r\n                <i class=\"fa-brands fa-facebook-f\"><\/i>\r\n            <\/a>\r\n            <a href=\"#\" class=\"flex items-center justify-center w-10 h-10 rounded-full bg-gray-50 text-[#003366] hover:bg-gradient-to-tr hover:from-[#f09433] hover:via-[#dc2743] hover:to-[#bc1888] hover:text-white hover:-translate-y-1 transition-all duration-300 shadow-sm hover:shadow-md\" aria-label=\"Instagram\">\r\n                <i class=\"fa-brands fa-instagram\"><\/i>\r\n            <\/a>\r\n            <a href=\"#\" class=\"flex items-center justify-center w-10 h-10 rounded-full bg-gray-50 text-[#003366] hover:bg-[#1DA1F2] hover:text-white hover:-translate-y-1 transition-all duration-300 shadow-sm hover:shadow-md\" aria-label=\"Twitter\">\r\n                <i class=\"fa-brands fa-twitter\"><\/i>\r\n            <\/a>\r\n            <a href=\"#\" class=\"flex items-center justify-center w-10 h-10 rounded-full bg-gray-50 text-[#003366] hover:bg-[#FF0000] hover:text-white hover:-translate-y-1 transition-all duration-300 shadow-sm hover:shadow-md\" aria-label=\"YouTube\">\r\n                <i class=\"fa-brands fa-youtube\"><\/i>\r\n            <\/a>\r\n            <a href=\"#\" class=\"flex items-center justify-center w-10 h-10 rounded-full bg-gray-50 text-[#003366] hover:bg-black hover:text-white hover:-translate-y-1 transition-all duration-300 shadow-sm hover:shadow-md\" aria-label=\"TikTok\">\r\n                <i class=\"fa-brands fa-tiktok\"><\/i>\r\n            <\/a>\r\n        <\/div>\r\n    <\/section>\r\n\r\n<\/div>\t\t\t\t<\/div>\n\t\t\t\t<\/div>\n\t\t\t\t<\/div>\n\t\t\t\t<\/div>\n\t\t\t\t<\/div>\n\t\t","protected":false},"excerpt":{"rendered":"<p>Nuestra Direcci\u00f3n EC Rent a Car Costa Rica Casino Fiesta 180 mts este, R\u00edo Segundo, Alajuela, Costa Rica Cont\u00e1ctanos Para [&hellip;]<\/p>\n","protected":false},"author":1,"featured_media":0,"parent":0,"menu_order":0,"comment_status":"closed","ping_status":"closed","template":"","meta":{"site-sidebar-layout":"no-sidebar","site-content-layout":"","ast-site-content-layout":"full-width-container","site-content-style":"default","site-sidebar-style":"default","ast-global-header-display":"","ast-banner-title-visibility":"","ast-main-header-display":"","ast-hfb-above-header-display":"","ast-hfb-below-header-display":"","ast-hfb-mobile-header-display":"","site-post-title":"disabled","ast-breadcrumbs-content":"","ast-featured-img":"disabled","footer-sml-layout":"","ast-disable-related-posts":"","theme-transparent-header-meta":"","adv-header-id-meta":"","stick-header-meta":"","header-above-stick-meta":"","header-main-stick-meta":"","header-below-stick-meta":"","astra-migrate-meta-layouts":"default","ast-page-background-enabled":"default","ast-page-background-meta":{"desktop":{"background-color":"var(--ast-global-color-5)","background-image":"","background-repeat":"repeat","background-position":"center center","background-size":"auto","background-attachment":"scroll","background-type":"","background-media":"","overlay-type":"","overlay-color":"","overlay-opacity":"","overlay-gradient":""},"tablet":{"background-color":"","background-image":"","background-repeat":"repeat","background-position":"center center","background-size":"auto","background-attachment":"scroll","background-type":"","background-media":"","overlay-type":"","overlay-color":"","overlay-opacity":"","overlay-gradient":""},"mobile":{"background-color":"","background-image":"","background-repeat":"repeat","background-position":"center center","background-size":"auto","background-attachment":"scroll","background-type":"","background-media":"","overlay-type":"","overlay-color":"","overlay-opacity":"","overlay-gradient":""}},"ast-content-background-meta":{"desktop":{"background-color":"var(--ast-global-color-4)","background-image":"","background-repeat":"repeat","background-position":"center center","background-size":"auto","background-attachment":"scroll","background-type":"","background-media":"","overlay-type":"","overlay-color":"","overlay-opacity":"","overlay-gradient":""},"tablet":{"background-color":"var(--ast-global-color-4)","background-image":"","background-repeat":"repeat","background-position":"center center","background-size":"auto","background-attachment":"scroll","background-type":"","background-media":"","overlay-type":"","overlay-color":"","overlay-opacity":"","overlay-gradient":""},"mobile":{"background-color":"var(--ast-global-color-4)","background-image":"","background-repeat":"repeat","background-position":"center center","background-size":"auto","background-attachment":"scroll","background-type":"","background-media":"","overlay-type":"","overlay-color":"","overlay-opacity":"","overlay-gradient":""}},"footnotes":""},"class_list":["post-3711","page","type-page","status-publish","hentry"],"_links":{"self":[{"href":"https:\/\/ecrentacar.com\/cr\/wp-json\/wp\/v2\/pages\/3711","targetHints":{"allow":["GET"]}}],"collection":[{"href":"https:\/\/ecrentacar.com\/cr\/wp-json\/wp\/v2\/pages"}],"about":[{"href":"https:\/\/ecrentacar.com\/cr\/wp-json\/wp\/v2\/types\/page"}],"author":[{"embeddable":true,"href":"https:\/\/ecrentacar.com\/cr\/wp-json\/wp\/v2\/users\/1"}],"replies":[{"embeddable":true,"href":"https:\/\/ecrentacar.com\/cr\/wp-json\/wp\/v2\/comments?post=3711"}],"version-history":[{"count":169,"href":"https:\/\/ecrentacar.com\/cr\/wp-json\/wp\/v2\/pages\/3711\/revisions"}],"predecessor-version":[{"id":10365,"href":"https:\/\/ecrentacar.com\/cr\/wp-json\/wp\/v2\/pages\/3711\/revisions\/10365"}],"wp:attachment":[{"href":"https:\/\/ecrentacar.com\/cr\/wp-json\/wp\/v2\/media?parent=3711"}],"curies":[{"name":"wp","href":"https:\/\/api.w.org\/{rel}","templated":true}]}}